{"id":3221,"date":"2025-04-07T23:55:46","date_gmt":"2025-04-07T23:55:46","guid":{"rendered":"https:\/\/deaguiardentalstudio.com\/nosotros\/"},"modified":"2025-06-24T00:55:48","modified_gmt":"2025-06-24T00:55:48","slug":"about-us","status":"publish","type":"page","link":"https:\/\/deaguiardentalstudio.com\/en\/about-us\/","title":{"rendered":"About Us"},"content":{"rendered":"\t\t<div data-elementor-type=\"wp-page\" data-elementor-id=\"3221\" class=\"elementor elementor-3221 elementor-410\" data-elementor-post-type=\"page\">\n\t\t\t\t<div class=\"elementor-element elementor-element-4f9c265 e-flex e-con-boxed e-con e-parent\" data-id=\"4f9c265\" data-element_type=\"container\" data-e-type=\"container\" data-settings=\"{&quot;background_background&quot;:&quot;classic&quot;}\">\n\t\t\t\t\t<div class=\"e-con-inner\">\n\t\t<div class=\"elementor-element elementor-element-168e8c4 e-con-full e-flex e-con e-child\" data-id=\"168e8c4\" data-element_type=\"container\" data-e-type=\"container\">\n\t\t\t\t<div class=\"elementor-element elementor-element-adc03be elementor-widget elementor-widget-heading\" data-id=\"adc03be\" data-element_type=\"widget\" data-e-type=\"widget\" data-widget_type=\"heading.default\">\n\t\t\t\t<div class=\"elementor-widget-container\">\n\t\t\t\t\t<h6 class=\"elementor-heading-title elementor-size-default\">ABOUT US<\/h6>\t\t\t\t<\/div>\n\t\t\t\t<\/div>\n\t\t\t\t<div class=\"elementor-element elementor-element-0512df7 elementor-widget__width-initial elementor-widget elementor-widget-heading\" data-id=\"0512df7\" data-element_type=\"widget\" data-e-type=\"widget\" data-widget_type=\"heading.default\">\n\t\t\t\t<div class=\"elementor-widget-container\">\n\t\t\t\t\t<h3 class=\"elementor-heading-title elementor-size-default\">Masters in creating confident smiles<\/h3>\t\t\t\t<\/div>\n\t\t\t\t<\/div>\n\t\t\t\t<div class=\"elementor-element elementor-element-9685dc7 elementor-widget__width-initial elementor-widget elementor-widget-text-editor\" data-id=\"9685dc7\" data-element_type=\"widget\" data-e-type=\"widget\" data-widget_type=\"text-editor.default\">\n\t\t\t\t<div class=\"elementor-widget-container\">\n\t\t\t\t\t\t\t\t\t<p>We combine expertise, advanced technology, and personalized care to deliver top-level dental services in Mexico.<\/p>\t\t\t\t\t\t\t\t<\/div>\n\t\t\t\t<\/div>\n\t\t\t\t<\/div>\n\t\t\t\t\t<\/div>\n\t\t\t\t<\/div>\n\t\t<div class=\"elementor-element elementor-element-1987e6b e-flex e-con-boxed e-con e-parent\" data-id=\"1987e6b\" data-element_type=\"container\" data-e-type=\"container\">\n\t\t\t\t\t<div class=\"e-con-inner\">\n\t\t<div class=\"elementor-element elementor-element-103af08 e-con-full e-flex e-con e-child\" data-id=\"103af08\" data-element_type=\"container\" data-e-type=\"container\">\n\t\t\t\t<div class=\"elementor-element elementor-element-5e0a44d elementor-widget elementor-widget-heading\" data-id=\"5e0a44d\" data-element_type=\"widget\" data-e-type=\"widget\" data-widget_type=\"heading.default\">\n\t\t\t\t<div class=\"elementor-widget-container\">\n\t\t\t\t\t<h6 class=\"elementor-heading-title elementor-size-default\">Quality and Precision<\/h6>\t\t\t\t<\/div>\n\t\t\t\t<\/div>\n\t\t\t\t<div class=\"elementor-element elementor-element-039b48e elementor-widget elementor-widget-text-editor\" data-id=\"039b48e\" data-element_type=\"widget\" data-e-type=\"widget\" data-widget_type=\"text-editor.default\">\n\t\t\t\t<div class=\"elementor-widget-container\">\n\t\t\t\t\t\t\t\t\t<p>We use cutting-edge technology and innovative techniques to achieve optimal results in every dental treatment.<\/p>\t\t\t\t\t\t\t\t<\/div>\n\t\t\t\t<\/div>\n\t\t\t\t<\/div>\n\t\t<div class=\"elementor-element elementor-element-de7de4e e-con-full e-flex e-con e-child\" data-id=\"de7de4e\" data-element_type=\"container\" data-e-type=\"container\">\n\t\t\t\t<div class=\"elementor-element elementor-element-1ee9ffb elementor-widget elementor-widget-heading\" data-id=\"1ee9ffb\" data-element_type=\"widget\" data-e-type=\"widget\" data-widget_type=\"heading.default\">\n\t\t\t\t<div class=\"elementor-widget-container\">\n\t\t\t\t\t<h6 class=\"elementor-heading-title elementor-size-default\">Personalized Care<\/h6>\t\t\t\t<\/div>\n\t\t\t\t<\/div>\n\t\t\t\t<div class=\"elementor-element elementor-element-124dc1a elementor-widget elementor-widget-text-editor\" data-id=\"124dc1a\" data-element_type=\"widget\" data-e-type=\"widget\" data-widget_type=\"text-editor.default\">\n\t\t\t\t<div class=\"elementor-widget-container\">\n\t\t\t\t\t\t\t\t\t<p>Every patient is unique. We take the time to understand your needs and design tailor-made dental solutions.<\/p>\t\t\t\t\t\t\t\t<\/div>\n\t\t\t\t<\/div>\n\t\t\t\t<\/div>\n\t\t<div class=\"elementor-element elementor-element-d3945e6 e-con-full e-flex e-con e-child\" data-id=\"d3945e6\" data-element_type=\"container\" data-e-type=\"container\">\n\t\t\t\t<div class=\"elementor-element elementor-element-95c4494 elementor-widget elementor-widget-heading\" data-id=\"95c4494\" data-element_type=\"widget\" data-e-type=\"widget\" data-widget_type=\"heading.default\">\n\t\t\t\t<div class=\"elementor-widget-container\">\n\t\t\t\t\t<h6 class=\"elementor-heading-title elementor-size-default\">Experience and Trust<\/h6>\t\t\t\t<\/div>\n\t\t\t\t<\/div>\n\t\t\t\t<div class=\"elementor-element elementor-element-b30ec9e elementor-widget elementor-widget-text-editor\" data-id=\"b30ec9e\" data-element_type=\"widget\" data-e-type=\"widget\" data-widget_type=\"text-editor.default\">\n\t\t\t\t<div class=\"elementor-widget-container\">\n\t\t\t\t\t\t\t\t\t<p>A highly trained team with a strong background in cosmetic and restorative dentistry, delivering confidence in every procedure.<\/p>\t\t\t\t\t\t\t\t<\/div>\n\t\t\t\t<\/div>\n\t\t\t\t<\/div>\n\t\t\t\t\t<\/div>\n\t\t\t\t<\/div>\n\t\t<div class=\"elementor-element elementor-element-e5453e4 e-flex e-con-boxed e-con e-parent\" data-id=\"e5453e4\" data-element_type=\"container\" data-e-type=\"container\">\n\t\t\t\t\t<div class=\"e-con-inner\">\n\t\t<div class=\"elementor-element elementor-element-3adcec3 e-grid e-con-full e-con e-child\" data-id=\"3adcec3\" data-element_type=\"container\" data-e-type=\"container\" data-settings=\"{&quot;background_background&quot;:&quot;classic&quot;}\">\n\t\t<div class=\"elementor-element elementor-element-267162b e-con-full e-flex e-con e-child\" data-id=\"267162b\" data-element_type=\"container\" data-e-type=\"container\">\n\t\t\t\t<div class=\"elementor-element elementor-element-e1e577e elementor-widget elementor-widget-image\" data-id=\"e1e577e\" data-element_type=\"widget\" data-e-type=\"widget\" data-widget_type=\"image.default\">\n\t\t\t\t<div class=\"elementor-widget-container\">\n\t\t\t\t\t\t\t\t\t\t\t\t\t\t\t<img fetchpriority=\"high\" decoding=\"async\" width=\"420\" height=\"587\" src=\"https:\/\/deaguiardentalstudio.com\/wp-content\/uploads\/2025\/04\/historia.jpg\" class=\"attachment-full size-full wp-image-2826\" alt=\"\" srcset=\"https:\/\/deaguiardentalstudio.com\/wp-content\/uploads\/2025\/04\/historia.jpg 420w, https:\/\/deaguiardentalstudio.com\/wp-content\/uploads\/2025\/04\/historia-215x300.jpg 215w\" sizes=\"(max-width: 420px) 100vw, 420px\" \/>\t\t\t\t\t\t\t\t\t\t\t\t\t\t\t<\/div>\n\t\t\t\t<\/div>\n\t\t\t\t<\/div>\n\t\t<div class=\"elementor-element elementor-element-ce09258 e-con-full e-flex e-con e-child\" data-id=\"ce09258\" data-element_type=\"container\" data-e-type=\"container\">\n\t\t\t\t<div class=\"elementor-element elementor-element-378c105 elementor-widget elementor-widget-heading\" data-id=\"378c105\" data-element_type=\"widget\" data-e-type=\"widget\" data-widget_type=\"heading.default\">\n\t\t\t\t<div class=\"elementor-widget-container\">\n\t\t\t\t\t<h6 class=\"elementor-heading-title elementor-size-default\">History &amp; Philosophy<\/h6>\t\t\t\t<\/div>\n\t\t\t\t<\/div>\n\t\t\t\t<div class=\"elementor-element elementor-element-3562293 elementor-widget elementor-widget-heading\" data-id=\"3562293\" data-element_type=\"widget\" data-e-type=\"widget\" data-widget_type=\"heading.default\">\n\t\t\t\t<div class=\"elementor-widget-container\">\n\t\t\t\t\t<h3 class=\"elementor-heading-title elementor-size-default\">Passion for Dentistry, Committed to Your Well-being<\/h3>\t\t\t\t<\/div>\n\t\t\t\t<\/div>\n\t\t\t\t<div class=\"elementor-element elementor-element-6c07547 elementor-widget elementor-widget-text-editor\" data-id=\"6c07547\" data-element_type=\"widget\" data-e-type=\"widget\" data-widget_type=\"text-editor.default\">\n\t\t\t\t<div class=\"elementor-widget-container\">\n\t\t\t\t\t\t\t\t\t<p>Since day one, at De Aguiar Dental Studio we\u2019ve been dedicated to raising the standard of dentistry in Mexico. With a team of committed specialists, state-of-the-art technology, and a warm, patient-centered approach, we\u2019ve built lasting relationships based on trust.<\/p>\t\t\t\t\t\t\t\t<\/div>\n\t\t\t\t<\/div>\n\t\t\t\t<div class=\"elementor-element elementor-element-739adb6 elementor-widget elementor-widget-button\" data-id=\"739adb6\" data-element_type=\"widget\" data-e-type=\"widget\" data-widget_type=\"button.default\">\n\t\t\t\t<div class=\"elementor-widget-container\">\n\t\t\t\t\t\t\t\t\t<div class=\"elementor-button-wrapper\">\n\t\t\t\t\t<a class=\"elementor-button elementor-button-link elementor-size-sm\" href=\"https:\/\/deaguiardentalstudio.com\/en\/contact\/\">\n\t\t\t\t\t\t<span class=\"elementor-button-content-wrapper\">\n\t\t\t\t\t\t\t\t\t<span class=\"elementor-button-text\">Get in touch<\/span>\n\t\t\t\t\t<\/span>\n\t\t\t\t\t<\/a>\n\t\t\t\t<\/div>\n\t\t\t\t\t\t\t\t<\/div>\n\t\t\t\t<\/div>\n\t\t\t\t<\/div>\n\t\t\t\t<\/div>\n\t\t\t\t\t<\/div>\n\t\t\t\t<\/div>\n\t\t<div class=\"elementor-element elementor-element-1d8ae51 e-flex e-con-boxed e-con e-parent\" data-id=\"1d8ae51\" data-element_type=\"container\" data-e-type=\"container\" data-settings=\"{&quot;background_background&quot;:&quot;classic&quot;}\">\n\t\t\t\t\t<div class=\"e-con-inner\">\n\t\t<div class=\"elementor-element elementor-element-31723d5 e-con-full e-flex e-con e-child\" data-id=\"31723d5\" data-element_type=\"container\" data-e-type=\"container\">\n\t\t\t\t<div class=\"elementor-element elementor-element-0ad1684 elementor-widget elementor-widget-heading\" data-id=\"0ad1684\" data-element_type=\"widget\" data-e-type=\"widget\" data-widget_type=\"heading.default\">\n\t\t\t\t<div class=\"elementor-widget-container\">\n\t\t\t\t\t<h6 class=\"elementor-heading-title elementor-size-default\">OUR PURPOSE<\/h6>\t\t\t\t<\/div>\n\t\t\t\t<\/div>\n\t\t\t\t<div class=\"elementor-element elementor-element-3d606e0 elementor-widget__width-initial elementor-widget elementor-widget-heading\" data-id=\"3d606e0\" data-element_type=\"widget\" data-e-type=\"widget\" data-widget_type=\"heading.default\">\n\t\t\t\t<div class=\"elementor-widget-container\">\n\t\t\t\t\t<h3 class=\"elementor-heading-title elementor-size-default\">More Than Smiles, We Create Well-being<\/h3>\t\t\t\t<\/div>\n\t\t\t\t<\/div>\n\t\t\t\t<div class=\"elementor-element elementor-element-859f356 elementor-widget__width-initial elementor-widget elementor-widget-text-editor\" data-id=\"859f356\" data-element_type=\"widget\" data-e-type=\"widget\" data-widget_type=\"text-editor.default\">\n\t\t\t\t<div class=\"elementor-widget-container\">\n\t\t\t\t\t\t\t\t\t<p>Our purpose is to enhance our patients\u2019 quality of life through advanced dental treatments focused on aesthetics, health, and functionality.<\/p>\t\t\t\t\t\t\t\t<\/div>\n\t\t\t\t<\/div>\n\t\t\t\t<div class=\"elementor-element elementor-element-e6fc1f3 elementor-widget elementor-widget-button\" data-id=\"e6fc1f3\" data-element_type=\"widget\" data-e-type=\"widget\" data-widget_type=\"button.default\">\n\t\t\t\t<div class=\"elementor-widget-container\">\n\t\t\t\t\t\t\t\t\t<div class=\"elementor-button-wrapper\">\n\t\t\t\t\t<a class=\"elementor-button elementor-button-link elementor-size-sm\" href=\"https:\/\/deaguiardentalstudio.com\/en\/contact\/\">\n\t\t\t\t\t\t<span class=\"elementor-button-content-wrapper\">\n\t\t\t\t\t\t\t\t\t<span class=\"elementor-button-text\">Get in touch<\/span>\n\t\t\t\t\t<\/span>\n\t\t\t\t\t<\/a>\n\t\t\t\t<\/div>\n\t\t\t\t\t\t\t\t<\/div>\n\t\t\t\t<\/div>\n\t\t\t\t<\/div>\n\t\t\t\t\t<\/div>\n\t\t\t\t<\/div>\n\t\t<div class=\"elementor-element elementor-element-30d50d7 e-flex e-con-boxed e-con e-parent\" data-id=\"30d50d7\" data-element_type=\"container\" data-e-type=\"container\">\n\t\t\t\t\t<div class=\"e-con-inner\">\n\t\t<div class=\"elementor-element elementor-element-e8f5828 e-con-full e-flex e-con e-child\" data-id=\"e8f5828\" data-element_type=\"container\" data-e-type=\"container\">\n\t\t\t\t<div class=\"elementor-element elementor-element-bce8a26 elementor-widget elementor-widget-heading\" data-id=\"bce8a26\" data-element_type=\"widget\" data-e-type=\"widget\" data-widget_type=\"heading.default\">\n\t\t\t\t<div class=\"elementor-widget-container\">\n\t\t\t\t\t<h3 class=\"elementor-heading-title elementor-size-default\">\u00bfHow do we deliver high quality dental treatments?<\/h3>\t\t\t\t<\/div>\n\t\t\t\t<\/div>\n\t\t\t\t<div class=\"elementor-element elementor-element-db620ba elementor-widget elementor-widget-text-editor\" data-id=\"db620ba\" data-element_type=\"widget\" data-e-type=\"widget\" data-widget_type=\"text-editor.default\">\n\t\t\t\t<div class=\"elementor-widget-container\">\n\t\t\t\t\t\t\t\t\t<p>Discover our advanced dental treatments with state-of-the-art technology and a team of experts. Restore the health, aesthetics, and functionality of your smile in one place. Transform your smile with the best professionals!<\/p>\t\t\t\t\t\t\t\t<\/div>\n\t\t\t\t<\/div>\n\t\t\t\t<div class=\"elementor-element elementor-element-829533c elementor-align-center elementor-widget elementor-widget-button\" data-id=\"829533c\" data-element_type=\"widget\" data-e-type=\"widget\" data-widget_type=\"button.default\">\n\t\t\t\t<div class=\"elementor-widget-container\">\n\t\t\t\t\t\t\t\t\t<div class=\"elementor-button-wrapper\">\n\t\t\t\t\t<a class=\"elementor-button elementor-button-link elementor-size-sm\" href=\"https:\/\/deaguiardentalstudio.com\/en\/contact\/\">\n\t\t\t\t\t\t<span class=\"elementor-button-content-wrapper\">\n\t\t\t\t\t\t\t\t\t<span class=\"elementor-button-text\">Get in touch<\/span>\n\t\t\t\t\t<\/span>\n\t\t\t\t\t<\/a>\n\t\t\t\t<\/div>\n\t\t\t\t\t\t\t\t<\/div>\n\t\t\t\t<\/div>\n\t\t\t\t<\/div>\n\t\t\t\t\t<\/div>\n\t\t\t\t<\/div>\n\t\t<div class=\"elementor-element elementor-element-46c7380 e-flex e-con-boxed e-con e-parent\" data-id=\"46c7380\" data-element_type=\"container\" data-e-type=\"container\">\n\t\t\t\t\t<div class=\"e-con-inner\">\n\t\t<div class=\"elementor-element elementor-element-d7cb6d3 e-con-full e-flex e-con e-child\" data-id=\"d7cb6d3\" data-element_type=\"container\" data-e-type=\"container\">\n\t\t\t\t<div class=\"elementor-element elementor-element-73bac3c elementor-widget elementor-widget-heading\" data-id=\"73bac3c\" data-element_type=\"widget\" data-e-type=\"widget\" data-widget_type=\"heading.default\">\n\t\t\t\t<div class=\"elementor-widget-container\">\n\t\t\t\t\t<h6 class=\"elementor-heading-title elementor-size-default\">Technology<\/h6>\t\t\t\t<\/div>\n\t\t\t\t<\/div>\n\t\t\t\t<div class=\"elementor-element elementor-element-d29135c elementor-widget elementor-widget-text-editor\" data-id=\"d29135c\" data-element_type=\"widget\" data-e-type=\"widget\" data-widget_type=\"text-editor.default\">\n\t\t\t\t<div class=\"elementor-widget-container\">\n\t\t\t\t\t\t\t\t\t<p>We use digital tools and advanced techniques for precise diagnoses and effective treatments.<\/p>\t\t\t\t\t\t\t\t<\/div>\n\t\t\t\t<\/div>\n\t\t\t\t<\/div>\n\t\t<div class=\"elementor-element elementor-element-fe8bb06 e-con-full e-flex e-con e-child\" data-id=\"fe8bb06\" data-element_type=\"container\" data-e-type=\"container\">\n\t\t\t\t<div class=\"elementor-element elementor-element-1a71d86 elementor-widget elementor-widget-heading\" data-id=\"1a71d86\" data-element_type=\"widget\" data-e-type=\"widget\" data-widget_type=\"heading.default\">\n\t\t\t\t<div class=\"elementor-widget-container\">\n\t\t\t\t\t<h6 class=\"elementor-heading-title elementor-size-default\">Specialized Team<\/h6>\t\t\t\t<\/div>\n\t\t\t\t<\/div>\n\t\t\t\t<div class=\"elementor-element elementor-element-8e4934d elementor-widget elementor-widget-text-editor\" data-id=\"8e4934d\" data-element_type=\"widget\" data-e-type=\"widget\" data-widget_type=\"text-editor.default\">\n\t\t\t\t<div class=\"elementor-widget-container\">\n\t\t\t\t\t\t\t\t\t<p>We have a highly trained team of professionals across various areas of dentistry.<\/p>\t\t\t\t\t\t\t\t<\/div>\n\t\t\t\t<\/div>\n\t\t\t\t<\/div>\n\t\t<div class=\"elementor-element elementor-element-fbf144d e-con-full e-flex e-con e-child\" data-id=\"fbf144d\" data-element_type=\"container\" data-e-type=\"container\">\n\t\t\t\t<div class=\"elementor-element elementor-element-37d3548 elementor-widget elementor-widget-heading\" data-id=\"37d3548\" data-element_type=\"widget\" data-e-type=\"widget\" data-widget_type=\"heading.default\">\n\t\t\t\t<div class=\"elementor-widget-container\">\n\t\t\t\t\t<h6 class=\"elementor-heading-title elementor-size-default\">Comfortable Experience<\/h6>\t\t\t\t<\/div>\n\t\t\t\t<\/div>\n\t\t\t\t<div class=\"elementor-element elementor-element-4c67b10 elementor-widget elementor-widget-text-editor\" data-id=\"4c67b10\" data-element_type=\"widget\" data-e-type=\"widget\" data-widget_type=\"text-editor.default\">\n\t\t\t\t<div class=\"elementor-widget-container\">\n\t\t\t\t\t\t\t\t\t<p>We provide a warm environment and personalized care, ensuring every visit is a positive experience.<\/p>\t\t\t\t\t\t\t\t<\/div>\n\t\t\t\t<\/div>\n\t\t\t\t<\/div>\n\t\t\t\t\t<\/div>\n\t\t\t\t<\/div>\n\t\t\t\t<\/div>\n\t\t","protected":false},"excerpt":{"rendered":"<p>ABOUT US Masters in creating confident smiles We combine expertise, advanced technology, and personalized care to deliver top-level dental services in Mexico. Quality and Precision We use cutting-edge technology and innovative techniques to achieve optimal results in every dental treatment. Personalized Care Every patient is&#8230;<\/p>\n","protected":false},"author":1,"featured_media":0,"parent":0,"menu_order":0,"comment_status":"closed","ping_status":"closed","template":"full_width.php","meta":{"footnotes":""},"class_list":["post-3221","page","type-page","status-publish","hentry"],"yoast_head":"<!-- This site is optimized with the Yoast SEO Premium plugin v24.9 (Yoast SEO v27.4) - https:\/\/yoast.com\/product\/yoast-seo-premium-wordpress\/ -->\n<title>Meet De Aguiar | Experts in Cosmetic Dentistry in Mexico<\/title>\n<meta name=\"description\" content=\"Over 20 years of experience in smile design. Philosophy, values, and human-centered care that make a difference in your oral health.\" \/>\n<meta name=\"robots\" content=\"index, follow, max-snippet:-1, max-image-preview:large, max-video-preview:-1\" \/>\n<link rel=\"canonical\" href=\"https:\/\/deaguiardentalstudio.com\/en\/about-us\/\" \/>\n<meta property=\"og:locale\" content=\"en_US\" \/>\n<meta property=\"og:type\" content=\"article\" \/>\n<meta property=\"og:title\" content=\"Conoce a De Aguiar | Expertos en Odontolog\u00eda Est\u00e9tica en M\u00e9xico\" \/>\n<meta property=\"og:description\" content=\"M\u00e1s de 20 a\u00f1os de experiencia transformando sonrisas. Conoce nuestra historia, valores y al equipo detr\u00e1s de tu pr\u00f3xima sonrisa perfecta.\" \/>\n<meta property=\"og:url\" content=\"https:\/\/deaguiardentalstudio.com\/en\/about-us\/\" \/>\n<meta property=\"og:site_name\" content=\"deaguiardentalstudio.com\" \/>\n<meta property=\"article:modified_time\" content=\"2025-06-24T00:55:48+00:00\" \/>\n<meta property=\"og:image\" content=\"https:\/\/deaguiardentalstudio.com\/wp-content\/uploads\/2025\/04\/historia.jpg\" \/>\n<meta name=\"twitter:card\" content=\"summary_large_image\" \/>\n<meta name=\"twitter:title\" content=\"Conoce a De Aguiar | Expertos en Odontolog\u00eda Est\u00e9tica en M\u00e9xico\" \/>\n<meta name=\"twitter:description\" content=\"M\u00e1s de 20 a\u00f1os de experiencia transformando sonrisas. Conoce nuestra historia, valores y al equipo detr\u00e1s de tu pr\u00f3xima sonrisa perfecta.\" \/>\n<meta name=\"twitter:label1\" content=\"Est. reading time\" \/>\n\t<meta name=\"twitter:data1\" content=\"2 minutes\" \/>\n<script type=\"application\/ld+json\" class=\"yoast-schema-graph\">{\"@context\":\"https:\\\/\\\/schema.org\",\"@graph\":[{\"@type\":\"WebPage\",\"@id\":\"https:\\\/\\\/deaguiardentalstudio.com\\\/en\\\/about-us\\\/\",\"url\":\"https:\\\/\\\/deaguiardentalstudio.com\\\/en\\\/about-us\\\/\",\"name\":\"Meet De Aguiar | Experts in Cosmetic Dentistry in Mexico\",\"isPartOf\":{\"@id\":\"https:\\\/\\\/deaguiardentalstudio.com\\\/#website\"},\"primaryImageOfPage\":{\"@id\":\"https:\\\/\\\/deaguiardentalstudio.com\\\/en\\\/about-us\\\/#primaryimage\"},\"image\":{\"@id\":\"https:\\\/\\\/deaguiardentalstudio.com\\\/en\\\/about-us\\\/#primaryimage\"},\"thumbnailUrl\":\"https:\\\/\\\/deaguiardentalstudio.com\\\/wp-content\\\/uploads\\\/2025\\\/04\\\/historia.jpg\",\"datePublished\":\"2025-04-07T23:55:46+00:00\",\"dateModified\":\"2025-06-24T00:55:48+00:00\",\"description\":\"Over 20 years of experience in smile design. Philosophy, values, and human-centered care that make a difference in your oral health.\",\"breadcrumb\":{\"@id\":\"https:\\\/\\\/deaguiardentalstudio.com\\\/en\\\/about-us\\\/#breadcrumb\"},\"inLanguage\":\"en-US\",\"potentialAction\":[{\"@type\":\"ReadAction\",\"target\":[\"https:\\\/\\\/deaguiardentalstudio.com\\\/en\\\/about-us\\\/\"]}]},{\"@type\":\"ImageObject\",\"inLanguage\":\"en-US\",\"@id\":\"https:\\\/\\\/deaguiardentalstudio.com\\\/en\\\/about-us\\\/#primaryimage\",\"url\":\"https:\\\/\\\/deaguiardentalstudio.com\\\/wp-content\\\/uploads\\\/2025\\\/04\\\/historia.jpg\",\"contentUrl\":\"https:\\\/\\\/deaguiardentalstudio.com\\\/wp-content\\\/uploads\\\/2025\\\/04\\\/historia.jpg\"},{\"@type\":\"BreadcrumbList\",\"@id\":\"https:\\\/\\\/deaguiardentalstudio.com\\\/en\\\/about-us\\\/#breadcrumb\",\"itemListElement\":[{\"@type\":\"ListItem\",\"position\":1,\"name\":\"Home\",\"item\":\"https:\\\/\\\/deaguiardentalstudio.com\\\/en\\\/\"},{\"@type\":\"ListItem\",\"position\":2,\"name\":\"About Us\"}]},{\"@type\":\"WebSite\",\"@id\":\"https:\\\/\\\/deaguiardentalstudio.com\\\/#website\",\"url\":\"https:\\\/\\\/deaguiardentalstudio.com\\\/\",\"name\":\"deaguiardentalstudio.com\",\"description\":\"\",\"potentialAction\":[{\"@type\":\"SearchAction\",\"target\":{\"@type\":\"EntryPoint\",\"urlTemplate\":\"https:\\\/\\\/deaguiardentalstudio.com\\\/?s={search_term_string}\"},\"query-input\":{\"@type\":\"PropertyValueSpecification\",\"valueRequired\":true,\"valueName\":\"search_term_string\"}}],\"inLanguage\":\"en-US\"}]}<\/script>\n<!-- \/ Yoast SEO Premium plugin. -->","yoast_head_json":{"title":"Meet De Aguiar | Experts in Cosmetic Dentistry in Mexico","description":"Over 20 years of experience in smile design. Philosophy, values, and human-centered care that make a difference in your oral health.","robots":{"index":"index","follow":"follow","max-snippet":"max-snippet:-1","max-image-preview":"max-image-preview:large","max-video-preview":"max-video-preview:-1"},"canonical":"https:\/\/deaguiardentalstudio.com\/en\/about-us\/","og_locale":"en_US","og_type":"article","og_title":"Conoce a De Aguiar | Expertos en Odontolog\u00eda Est\u00e9tica en M\u00e9xico","og_description":"M\u00e1s de 20 a\u00f1os de experiencia transformando sonrisas. Conoce nuestra historia, valores y al equipo detr\u00e1s de tu pr\u00f3xima sonrisa perfecta.","og_url":"https:\/\/deaguiardentalstudio.com\/en\/about-us\/","og_site_name":"deaguiardentalstudio.com","article_modified_time":"2025-06-24T00:55:48+00:00","og_image":[{"url":"https:\/\/deaguiardentalstudio.com\/wp-content\/uploads\/2025\/04\/historia.jpg","type":"","width":"","height":""}],"twitter_card":"summary_large_image","twitter_title":"Conoce a De Aguiar | Expertos en Odontolog\u00eda Est\u00e9tica en M\u00e9xico","twitter_description":"M\u00e1s de 20 a\u00f1os de experiencia transformando sonrisas. Conoce nuestra historia, valores y al equipo detr\u00e1s de tu pr\u00f3xima sonrisa perfecta.","twitter_misc":{"Est. reading time":"2 minutes"},"schema":{"@context":"https:\/\/schema.org","@graph":[{"@type":"WebPage","@id":"https:\/\/deaguiardentalstudio.com\/en\/about-us\/","url":"https:\/\/deaguiardentalstudio.com\/en\/about-us\/","name":"Meet De Aguiar | Experts in Cosmetic Dentistry in Mexico","isPartOf":{"@id":"https:\/\/deaguiardentalstudio.com\/#website"},"primaryImageOfPage":{"@id":"https:\/\/deaguiardentalstudio.com\/en\/about-us\/#primaryimage"},"image":{"@id":"https:\/\/deaguiardentalstudio.com\/en\/about-us\/#primaryimage"},"thumbnailUrl":"https:\/\/deaguiardentalstudio.com\/wp-content\/uploads\/2025\/04\/historia.jpg","datePublished":"2025-04-07T23:55:46+00:00","dateModified":"2025-06-24T00:55:48+00:00","description":"Over 20 years of experience in smile design. Philosophy, values, and human-centered care that make a difference in your oral health.","breadcrumb":{"@id":"https:\/\/deaguiardentalstudio.com\/en\/about-us\/#breadcrumb"},"inLanguage":"en-US","potentialAction":[{"@type":"ReadAction","target":["https:\/\/deaguiardentalstudio.com\/en\/about-us\/"]}]},{"@type":"ImageObject","inLanguage":"en-US","@id":"https:\/\/deaguiardentalstudio.com\/en\/about-us\/#primaryimage","url":"https:\/\/deaguiardentalstudio.com\/wp-content\/uploads\/2025\/04\/historia.jpg","contentUrl":"https:\/\/deaguiardentalstudio.com\/wp-content\/uploads\/2025\/04\/historia.jpg"},{"@type":"BreadcrumbList","@id":"https:\/\/deaguiardentalstudio.com\/en\/about-us\/#breadcrumb","itemListElement":[{"@type":"ListItem","position":1,"name":"Home","item":"https:\/\/deaguiardentalstudio.com\/en\/"},{"@type":"ListItem","position":2,"name":"About Us"}]},{"@type":"WebSite","@id":"https:\/\/deaguiardentalstudio.com\/#website","url":"https:\/\/deaguiardentalstudio.com\/","name":"deaguiardentalstudio.com","description":"","potentialAction":[{"@type":"SearchAction","target":{"@type":"EntryPoint","urlTemplate":"https:\/\/deaguiardentalstudio.com\/?s={search_term_string}"},"query-input":{"@type":"PropertyValueSpecification","valueRequired":true,"valueName":"search_term_string"}}],"inLanguage":"en-US"}]}},"_links":{"self":[{"href":"https:\/\/deaguiardentalstudio.com\/en\/wp-json\/wp\/v2\/pages\/3221","targetHints":{"allow":["GET"]}}],"collection":[{"href":"https:\/\/deaguiardentalstudio.com\/en\/wp-json\/wp\/v2\/pages"}],"about":[{"href":"https:\/\/deaguiardentalstudio.com\/en\/wp-json\/wp\/v2\/types\/page"}],"author":[{"embeddable":true,"href":"https:\/\/deaguiardentalstudio.com\/en\/wp-json\/wp\/v2\/users\/1"}],"replies":[{"embeddable":true,"href":"https:\/\/deaguiardentalstudio.com\/en\/wp-json\/wp\/v2\/comments?post=3221"}],"version-history":[{"count":0,"href":"https:\/\/deaguiardentalstudio.com\/en\/wp-json\/wp\/v2\/pages\/3221\/revisions"}],"wp:attachment":[{"href":"https:\/\/deaguiardentalstudio.com\/en\/wp-json\/wp\/v2\/media?parent=3221"}],"curies":[{"name":"wp","href":"https:\/\/api.w.org\/{rel}","templated":true}]}}