{"id":3218,"date":"2020-10-16T11:24:15","date_gmt":"2020-10-16T11:24:15","guid":{"rendered":"https:\/\/deaguiardentalstudio.com\/contacto\/"},"modified":"2025-06-24T00:57:04","modified_gmt":"2025-06-24T00:57:04","slug":"contact","status":"publish","type":"page","link":"https:\/\/deaguiardentalstudio.com\/en\/contact\/","title":{"rendered":"Contact"},"content":{"rendered":"\t\t<div data-elementor-type=\"wp-page\" data-elementor-id=\"3218\" class=\"elementor elementor-3218 elementor-114\" data-elementor-post-type=\"page\">\n\t\t\t\t<div class=\"elementor-element elementor-element-cbe3a9b e-flex e-con-boxed e-con e-parent\" data-id=\"cbe3a9b\" data-element_type=\"container\" data-e-type=\"container\" data-settings=\"{&quot;background_background&quot;:&quot;classic&quot;}\">\n\t\t\t\t\t<div class=\"e-con-inner\">\n\t\t<div class=\"elementor-element elementor-element-0aa755f e-con-full e-flex e-con e-child\" data-id=\"0aa755f\" data-element_type=\"container\" data-e-type=\"container\">\n\t\t\t\t<div class=\"elementor-element elementor-element-19b9aa1 elementor-widget elementor-widget-heading\" data-id=\"19b9aa1\" data-element_type=\"widget\" data-e-type=\"widget\" data-widget_type=\"heading.default\">\n\t\t\t\t<div class=\"elementor-widget-container\">\n\t\t\t\t\t<h6 class=\"elementor-heading-title elementor-size-default\">Contact<\/h6>\t\t\t\t<\/div>\n\t\t\t\t<\/div>\n\t\t\t\t<div class=\"elementor-element elementor-element-b87c1af elementor-widget__width-initial elementor-widget elementor-widget-heading\" data-id=\"b87c1af\" data-element_type=\"widget\" data-e-type=\"widget\" data-widget_type=\"heading.default\">\n\t\t\t\t<div class=\"elementor-widget-container\">\n\t\t\t\t\t<h3 class=\"elementor-heading-title elementor-size-default\">Connect with Your New Smile<\/h3>\t\t\t\t<\/div>\n\t\t\t\t<\/div>\n\t\t\t\t<div class=\"elementor-element elementor-element-5269d98 elementor-widget__width-initial elementor-widget elementor-widget-text-editor\" data-id=\"5269d98\" data-element_type=\"widget\" data-e-type=\"widget\" data-widget_type=\"text-editor.default\">\n\t\t\t\t<div class=\"elementor-widget-container\">\n\t\t\t\t\t\t\t\t\t<p>Schedule your appointment or consultation with our team and take the first step towards a healthy, radiant smile. Contact us today!<\/p>\t\t\t\t\t\t\t\t<\/div>\n\t\t\t\t<\/div>\n\t\t\t\t<\/div>\n\t\t\t\t\t<\/div>\n\t\t\t\t<\/div>\n\t\t<div class=\"elementor-element elementor-element-e1dbc9d e-flex e-con-boxed e-con e-parent\" data-id=\"e1dbc9d\" data-element_type=\"container\" data-e-type=\"container\" data-settings=\"{&quot;background_background&quot;:&quot;classic&quot;}\">\n\t\t\t\t\t<div class=\"e-con-inner\">\n\t\t<div class=\"elementor-element elementor-element-567ac50 e-con-full e-flex e-con e-child\" data-id=\"567ac50\" data-element_type=\"container\" data-e-type=\"container\">\n\t\t\t\t<div class=\"elementor-element elementor-element-50aa646 elementor-widget elementor-widget-google_maps\" data-id=\"50aa646\" data-element_type=\"widget\" data-e-type=\"widget\" data-widget_type=\"google_maps.default\">\n\t\t\t\t<div class=\"elementor-widget-container\">\n\t\t\t\t\t\t\t<div class=\"elementor-custom-embed\">\n\t\t\t<iframe loading=\"lazy\"\n\t\t\t\t\tsrc=\"https:\/\/maps.google.com\/maps?q=Prolongaci%C3%B3n%20Paseo%20de%20la%20Reforma%201236%2C%20Santa%20Fe%20Cuajimalpa%2C%20M%C3%A9xico&#038;t=m&#038;z=14&#038;output=embed&#038;iwloc=near\"\n\t\t\t\t\ttitle=\"Prolongaci\u00f3n Paseo de la Reforma 1236, Santa Fe Cuajimalpa, M\u00e9xico\"\n\t\t\t\t\taria-label=\"Prolongaci\u00f3n Paseo de la Reforma 1236, Santa Fe Cuajimalpa, M\u00e9xico\"\n\t\t\t><\/iframe>\n\t\t<\/div>\n\t\t\t\t\t\t<\/div>\n\t\t\t\t<\/div>\n\t\t\t\t<\/div>\n\t\t<div class=\"elementor-element elementor-element-1e8d7f0 e-con-full e-flex e-con e-child\" data-id=\"1e8d7f0\" data-element_type=\"container\" data-e-type=\"container\">\n\t\t\t\t<div class=\"elementor-element elementor-element-c3c30e2 elementor-widget elementor-widget-heading\" data-id=\"c3c30e2\" data-element_type=\"widget\" data-e-type=\"widget\" data-widget_type=\"heading.default\">\n\t\t\t\t<div class=\"elementor-widget-container\">\n\t\t\t\t\t<h6 class=\"elementor-heading-title elementor-size-default\">CONTACT<\/h6>\t\t\t\t<\/div>\n\t\t\t\t<\/div>\n\t\t\t\t<div class=\"elementor-element elementor-element-c7f2be3 elementor-widget__width-initial elementor-widget elementor-widget-heading\" data-id=\"c7f2be3\" data-element_type=\"widget\" data-e-type=\"widget\" data-widget_type=\"heading.default\">\n\t\t\t\t<div class=\"elementor-widget-container\">\n\t\t\t\t\t<h3 class=\"elementor-heading-title elementor-size-default\">We\u2019re ready to transform your smile. Contact us and book your appointment today.<\/h3>\t\t\t\t<\/div>\n\t\t\t\t<\/div>\n\t\t\t\t<div class=\"elementor-element elementor-element-4e062e6 elementor-widget elementor-widget-form\" data-id=\"4e062e6\" data-element_type=\"widget\" data-e-type=\"widget\" data-settings=\"{&quot;button_width&quot;:&quot;33&quot;,&quot;step_next_label&quot;:&quot;Next&quot;,&quot;step_previous_label&quot;:&quot;Previous&quot;,&quot;step_type&quot;:&quot;number_text&quot;,&quot;step_icon_shape&quot;:&quot;circle&quot;}\" data-widget_type=\"form.default\">\n\t\t\t\t<div class=\"elementor-widget-container\">\n\t\t\t\t\t\t\t<form class=\"elementor-form\" method=\"post\" id=\"contacto\" name=\"Contacto\">\n\t\t\t<input type=\"hidden\" name=\"post_id\" value=\"3218\"\/>\n\t\t\t<input type=\"hidden\" name=\"form_id\" value=\"4e062e6\"\/>\n\t\t\t<input type=\"hidden\" name=\"referer_title\" value=\"Book Your Dental Appointment in Mexico City | Contact Us\" \/>\n\n\t\t\t\t\t\t\t<input type=\"hidden\" name=\"queried_id\" value=\"3218\"\/>\n\t\t\t\n\t\t\t<div class=\"elementor-form-fields-wrapper elementor-labels-above\">\n\t\t\t\t\t\t\t\t<div class=\"elementor-field-type-text elementor-field-group elementor-column elementor-field-group-nombre elementor-col-50 elementor-field-required elementor-mark-required\">\n\t\t\t\t\t\t\t\t\t\t\t\t<label for=\"form-field-nombre\" class=\"elementor-field-label\">\n\t\t\t\t\t\t\t\tName\t\t\t\t\t\t\t<\/label>\n\t\t\t\t\t\t\t\t\t\t\t\t\t\t<input size=\"1\" type=\"text\" name=\"form_fields[nombre]\" id=\"form-field-nombre\" class=\"elementor-field elementor-size-sm  elementor-field-textual\" required=\"required\">\n\t\t\t\t\t\t\t\t\t\t\t<\/div>\n\t\t\t\t\t\t\t\t<div class=\"elementor-field-type-email elementor-field-group elementor-column elementor-field-group-email elementor-col-50 elementor-field-required elementor-mark-required\">\n\t\t\t\t\t\t\t\t\t\t\t\t<label for=\"form-field-email\" class=\"elementor-field-label\">\n\t\t\t\t\t\t\t\tEmail\t\t\t\t\t\t\t<\/label>\n\t\t\t\t\t\t\t\t\t\t\t\t\t\t<input size=\"1\" type=\"email\" name=\"form_fields[email]\" id=\"form-field-email\" class=\"elementor-field elementor-size-sm  elementor-field-textual\" required=\"required\">\n\t\t\t\t\t\t\t\t\t\t\t<\/div>\n\t\t\t\t\t\t\t\t<div class=\"elementor-field-type-textarea elementor-field-group elementor-column elementor-field-group-mensaje elementor-col-100\">\n\t\t\t\t\t\t\t\t\t\t\t\t<label for=\"form-field-mensaje\" class=\"elementor-field-label\">\n\t\t\t\t\t\t\t\tMessage\t\t\t\t\t\t\t<\/label>\n\t\t\t\t\t\t<textarea class=\"elementor-field-textual elementor-field  elementor-size-sm\" name=\"form_fields[mensaje]\" id=\"form-field-mensaje\" rows=\"4\"><\/textarea>\t\t\t\t<\/div>\n\t\t\t\t\t\t\t\t<div class=\"elementor-field-type-recaptcha elementor-field-group elementor-column elementor-field-group-recaptcha elementor-col-100\">\n\t\t\t\t\t<div class=\"elementor-field\" id=\"form-field-recaptcha\"><div class=\"elementor-g-recaptcha\" data-sitekey=\"6LdtHisrAAAAAOddK0si3QlnyU4V6tvmSscDBDB8\" data-type=\"v2_checkbox\" data-theme=\"light\" data-size=\"normal\"><\/div><\/div>\t\t\t\t<\/div>\n\t\t\t\t\t\t\t\t<div class=\"elementor-field-group elementor-column elementor-field-type-submit elementor-col-33 e-form__buttons\">\n\t\t\t\t\t<button class=\"elementor-button elementor-size-sm\" type=\"submit\">\n\t\t\t\t\t\t<span class=\"elementor-button-content-wrapper\">\n\t\t\t\t\t\t\t\t\t\t\t\t\t\t\t\t\t\t\t\t\t\t<span class=\"elementor-button-text\">Send<\/span>\n\t\t\t\t\t\t\t\t\t\t\t\t\t<\/span>\n\t\t\t\t\t<\/button>\n\t\t\t\t<\/div>\n\t\t\t<\/div>\n\t\t<\/form>\n\t\t\t\t\t\t<\/div>\n\t\t\t\t<\/div>\n\t\t\t\t<\/div>\n\t\t\t\t\t<\/div>\n\t\t\t\t<\/div>\n\t\t\t\t<\/div>\n\t\t","protected":false},"excerpt":{"rendered":"<p>Contact Connect with Your New Smile Schedule your appointment or consultation with our team and take the first step towards a healthy, radiant smile. Contact us today! CONTACT We\u2019re ready to transform your smile. Contact us and book your appointment today.<\/p>\n","protected":false},"author":1,"featured_media":0,"parent":0,"menu_order":0,"comment_status":"closed","ping_status":"closed","template":"full_width.php","meta":{"footnotes":""},"class_list":["post-3218","page","type-page","status-publish","hentry"],"yoast_head":"<!-- This site is optimized with the Yoast SEO Premium plugin v24.9 (Yoast SEO v27.4) - https:\/\/yoast.com\/product\/yoast-seo-premium-wordpress\/ -->\n<title>Book Your Dental Appointment in Mexico City | Contact Us<\/title>\n<meta name=\"description\" content=\"Ready to transform your smile? Schedule your consultation with our specialists. Personalized and efficient care.\" \/>\n<meta name=\"robots\" content=\"index, follow, max-snippet:-1, max-image-preview:large, max-video-preview:-1\" \/>\n<link rel=\"canonical\" href=\"https:\/\/deaguiardentalstudio.com\/en\/contact\/\" \/>\n<meta property=\"og:locale\" content=\"en_US\" \/>\n<meta property=\"og:type\" content=\"article\" \/>\n<meta property=\"og:title\" content=\"Cont\u00e1ctanos | Agenda tu Cita Dental en CDMX\" \/>\n<meta property=\"og:description\" content=\"\u00bfListo para transformar tu sonrisa? Agenda tu cita en l\u00ednea o env\u00edanos un mensaje. Estamos aqu\u00ed para ti.\" \/>\n<meta property=\"og:url\" content=\"https:\/\/deaguiardentalstudio.com\/en\/contact\/\" \/>\n<meta property=\"og:site_name\" content=\"deaguiardentalstudio.com\" \/>\n<meta property=\"article:modified_time\" content=\"2025-06-24T00:57:04+00:00\" \/>\n<meta property=\"og:image\" content=\"https:\/\/deaguiardentalstudio.com\/wp-content\/uploads\/2025\/04\/slide-3.jpg\" \/>\n\t<meta property=\"og:image:width\" content=\"1512\" \/>\n\t<meta property=\"og:image:height\" content=\"850\" \/>\n\t<meta property=\"og:image:type\" content=\"image\/jpeg\" \/>\n<meta name=\"twitter:card\" content=\"summary_large_image\" \/>\n<meta name=\"twitter:title\" content=\"Cont\u00e1ctanos | Agenda tu Cita Dental en CDMX\" \/>\n<meta name=\"twitter:description\" content=\"\u00bfListo para transformar tu sonrisa? Agenda tu cita en l\u00ednea o env\u00edanos un mensaje. Estamos aqu\u00ed para ti.\" \/>\n<meta name=\"twitter:label1\" content=\"Est. reading time\" \/>\n\t<meta name=\"twitter:data1\" content=\"1 minute\" \/>\n<script type=\"application\/ld+json\" class=\"yoast-schema-graph\">{\"@context\":\"https:\\\/\\\/schema.org\",\"@graph\":[{\"@type\":\"WebPage\",\"@id\":\"https:\\\/\\\/deaguiardentalstudio.com\\\/en\\\/contact\\\/\",\"url\":\"https:\\\/\\\/deaguiardentalstudio.com\\\/en\\\/contact\\\/\",\"name\":\"Book Your Dental Appointment in Mexico City | Contact Us\",\"isPartOf\":{\"@id\":\"https:\\\/\\\/deaguiardentalstudio.com\\\/#website\"},\"datePublished\":\"2020-10-16T11:24:15+00:00\",\"dateModified\":\"2025-06-24T00:57:04+00:00\",\"description\":\"Ready to transform your smile? Schedule your consultation with our specialists. Personalized and efficient care.\",\"breadcrumb\":{\"@id\":\"https:\\\/\\\/deaguiardentalstudio.com\\\/en\\\/contact\\\/#breadcrumb\"},\"inLanguage\":\"en-US\",\"potentialAction\":[{\"@type\":\"ReadAction\",\"target\":[\"https:\\\/\\\/deaguiardentalstudio.com\\\/en\\\/contact\\\/\"]}]},{\"@type\":\"BreadcrumbList\",\"@id\":\"https:\\\/\\\/deaguiardentalstudio.com\\\/en\\\/contact\\\/#breadcrumb\",\"itemListElement\":[{\"@type\":\"ListItem\",\"position\":1,\"name\":\"Home\",\"item\":\"https:\\\/\\\/deaguiardentalstudio.com\\\/en\\\/\"},{\"@type\":\"ListItem\",\"position\":2,\"name\":\"Contact\"}]},{\"@type\":\"WebSite\",\"@id\":\"https:\\\/\\\/deaguiardentalstudio.com\\\/#website\",\"url\":\"https:\\\/\\\/deaguiardentalstudio.com\\\/\",\"name\":\"deaguiardentalstudio.com\",\"description\":\"\",\"potentialAction\":[{\"@type\":\"SearchAction\",\"target\":{\"@type\":\"EntryPoint\",\"urlTemplate\":\"https:\\\/\\\/deaguiardentalstudio.com\\\/?s={search_term_string}\"},\"query-input\":{\"@type\":\"PropertyValueSpecification\",\"valueRequired\":true,\"valueName\":\"search_term_string\"}}],\"inLanguage\":\"en-US\"}]}<\/script>\n<!-- \/ Yoast SEO Premium plugin. -->","yoast_head_json":{"title":"Book Your Dental Appointment in Mexico City | Contact Us","description":"Ready to transform your smile? Schedule your consultation with our specialists. Personalized and efficient care.","robots":{"index":"index","follow":"follow","max-snippet":"max-snippet:-1","max-image-preview":"max-image-preview:large","max-video-preview":"max-video-preview:-1"},"canonical":"https:\/\/deaguiardentalstudio.com\/en\/contact\/","og_locale":"en_US","og_type":"article","og_title":"Cont\u00e1ctanos | Agenda tu Cita Dental en CDMX","og_description":"\u00bfListo para transformar tu sonrisa? Agenda tu cita en l\u00ednea o env\u00edanos un mensaje. Estamos aqu\u00ed para ti.","og_url":"https:\/\/deaguiardentalstudio.com\/en\/contact\/","og_site_name":"deaguiardentalstudio.com","article_modified_time":"2025-06-24T00:57:04+00:00","og_image":[{"width":1512,"height":850,"url":"https:\/\/deaguiardentalstudio.com\/wp-content\/uploads\/2025\/04\/slide-3.jpg","type":"image\/jpeg"}],"twitter_card":"summary_large_image","twitter_title":"Cont\u00e1ctanos | Agenda tu Cita Dental en CDMX","twitter_description":"\u00bfListo para transformar tu sonrisa? Agenda tu cita en l\u00ednea o env\u00edanos un mensaje. Estamos aqu\u00ed para ti.","twitter_misc":{"Est. reading time":"1 minute"},"schema":{"@context":"https:\/\/schema.org","@graph":[{"@type":"WebPage","@id":"https:\/\/deaguiardentalstudio.com\/en\/contact\/","url":"https:\/\/deaguiardentalstudio.com\/en\/contact\/","name":"Book Your Dental Appointment in Mexico City | Contact Us","isPartOf":{"@id":"https:\/\/deaguiardentalstudio.com\/#website"},"datePublished":"2020-10-16T11:24:15+00:00","dateModified":"2025-06-24T00:57:04+00:00","description":"Ready to transform your smile? Schedule your consultation with our specialists. Personalized and efficient care.","breadcrumb":{"@id":"https:\/\/deaguiardentalstudio.com\/en\/contact\/#breadcrumb"},"inLanguage":"en-US","potentialAction":[{"@type":"ReadAction","target":["https:\/\/deaguiardentalstudio.com\/en\/contact\/"]}]},{"@type":"BreadcrumbList","@id":"https:\/\/deaguiardentalstudio.com\/en\/contact\/#breadcrumb","itemListElement":[{"@type":"ListItem","position":1,"name":"Home","item":"https:\/\/deaguiardentalstudio.com\/en\/"},{"@type":"ListItem","position":2,"name":"Contact"}]},{"@type":"WebSite","@id":"https:\/\/deaguiardentalstudio.com\/#website","url":"https:\/\/deaguiardentalstudio.com\/","name":"deaguiardentalstudio.com","description":"","potentialAction":[{"@type":"SearchAction","target":{"@type":"EntryPoint","urlTemplate":"https:\/\/deaguiardentalstudio.com\/?s={search_term_string}"},"query-input":{"@type":"PropertyValueSpecification","valueRequired":true,"valueName":"search_term_string"}}],"inLanguage":"en-US"}]}},"_links":{"self":[{"href":"https:\/\/deaguiardentalstudio.com\/en\/wp-json\/wp\/v2\/pages\/3218","targetHints":{"allow":["GET"]}}],"collection":[{"href":"https:\/\/deaguiardentalstudio.com\/en\/wp-json\/wp\/v2\/pages"}],"about":[{"href":"https:\/\/deaguiardentalstudio.com\/en\/wp-json\/wp\/v2\/types\/page"}],"author":[{"embeddable":true,"href":"https:\/\/deaguiardentalstudio.com\/en\/wp-json\/wp\/v2\/users\/1"}],"replies":[{"embeddable":true,"href":"https:\/\/deaguiardentalstudio.com\/en\/wp-json\/wp\/v2\/comments?post=3218"}],"version-history":[{"count":0,"href":"https:\/\/deaguiardentalstudio.com\/en\/wp-json\/wp\/v2\/pages\/3218\/revisions"}],"wp:attachment":[{"href":"https:\/\/deaguiardentalstudio.com\/en\/wp-json\/wp\/v2\/media?parent=3218"}],"curies":[{"name":"wp","href":"https:\/\/api.w.org\/{rel}","templated":true}]}}